{"id":85,"date":"2021-10-21T22:06:39","date_gmt":"2021-10-21T22:06:39","guid":{"rendered":"https:\/\/schuetz-baumaschinen.de\/?page_id=85"},"modified":"2022-10-18T14:02:51","modified_gmt":"2022-10-18T14:02:51","slug":"allgemeine-geschaeftsbedingungen","status":"publish","type":"page","link":"https:\/\/schuetz-baumaschinen.de\/?page_id=85","title":{"rendered":"Allgemeine Gesch\u00e4ftsbedingungen"},"content":{"rendered":"\n<p>Hier finden Sie die AGBs als PDF-Dateien<\/p>\n\n\n\n<p><\/p>\n\n\n\n<h2 class=\"wp-block-heading\">Allgemeine AGBs<\/h2>\n\n\n<a href=\"https:\/\/schuetz-baumaschinen.de\/wp-content\/uploads\/2021\/10\/Allgemein-AGB.pdf\" class=\"pdfemb-viewer\" style=\"\" data-width=\"max\" data-height=\"max\" data-toolbar=\"bottom\" data-toolbar-fixed=\"off\">Allgemein-AGB<\/a>\n<p class=\"wp-block-pdfemb-pdf-embedder-viewer\"><\/p>\n\n\n\n<h2 class=\"wp-block-heading\"><\/h2>\n\n\n\n<h2 class=\"wp-block-heading\">Mietbedingungen<\/h2>\n\n\n<a href=\"https:\/\/schuetz-baumaschinen.de\/wp-content\/uploads\/2021\/10\/Mietbedingungen.pdf\" class=\"pdfemb-viewer\" style=\"\" data-width=\"max\" data-height=\"max\" data-toolbar=\"bottom\" data-toolbar-fixed=\"off\">Mietbedingungen<\/a>\n<p class=\"wp-block-pdfemb-pdf-embedder-viewer\"><\/p>\n\n\n\n<h2 class=\"wp-block-heading\"><\/h2>\n\n\n\n<h2 class=\"wp-block-heading\"> Reparaturbedingungen <\/h2>\n\n\n<a href=\"https:\/\/schuetz-baumaschinen.de\/wp-content\/uploads\/2021\/10\/Reparaturbedingungen.pdf\" class=\"pdfemb-viewer\" style=\"\" data-width=\"max\" data-height=\"max\" data-toolbar=\"bottom\" data-toolbar-fixed=\"off\">Reparaturbedingungen<\/a>\n<p class=\"wp-block-pdfemb-pdf-embedder-viewer\"><\/p>\n\n\n\n<h2 class=\"wp-block-heading\"><\/h2>\n","protected":false},"excerpt":{"rendered":"<p>Hier finden Sie die AGBs als PDF-Dateien Allgemeine AGBs Mietbedingungen Reparaturbedingungen<\/p>\n","protected":false},"author":1,"featured_media":0,"parent":0,"menu_order":0,"comment_status":"closed","ping_status":"closed","template":"","meta":{"footnotes":""},"class_list":["post-85","page","type-page","status-publish","hentry"],"yoast_head":"<!-- This site is optimized with the Yoast SEO plugin v27.5 - https:\/\/yoast.com\/product\/yoast-seo-wordpress\/ -->\n<title>Allgemeine Gesch\u00e4ftsbedingungen - Sch\u00fctz Baumaschinen<\/title>\n<meta name=\"description\" content=\"Unter allgemeine Gesch\u00e4ftsbedingungen finden Sie alle Verkaufs-, Liefer- und Zahlungs-, Miet- und Reparaturbedingungen und die Datenschutzbestimmung\" \/>\n<meta name=\"robots\" content=\"index, follow, max-snippet:-1, max-image-preview:large, max-video-preview:-1\" \/>\n<link rel=\"canonical\" href=\"https:\/\/schuetz-baumaschinen.de\/?page_id=85\" \/>\n<meta property=\"og:locale\" content=\"de_DE\" \/>\n<meta property=\"og:type\" content=\"article\" \/>\n<meta property=\"og:title\" content=\"Allgemeine Gesch\u00e4ftsbedingungen - Sch\u00fctz Baumaschinen\" \/>\n<meta property=\"og:description\" content=\"Unter allgemeine Gesch\u00e4ftsbedingungen finden Sie alle Verkaufs-, Liefer- und Zahlungs-, Miet- und Reparaturbedingungen und die Datenschutzbestimmung\" \/>\n<meta property=\"og:url\" content=\"https:\/\/schuetz-baumaschinen.de\/?page_id=85\" \/>\n<meta property=\"og:site_name\" content=\"Sch\u00fctz Baumaschinen\" \/>\n<meta property=\"article:modified_time\" content=\"2022-10-18T14:02:51+00:00\" \/>\n<meta name=\"twitter:card\" content=\"summary_large_image\" \/>\n<meta name=\"twitter:label1\" content=\"Gesch\u00e4tzte Lesezeit\" \/>\n\t<meta name=\"twitter:data1\" content=\"1\u00a0Minute\" \/>\n<script type=\"application\/ld+json\" class=\"yoast-schema-graph\">{\"@context\":\"https:\\\/\\\/schema.org\",\"@graph\":[{\"@type\":\"WebPage\",\"@id\":\"https:\\\/\\\/schuetz-baumaschinen.de\\\/?page_id=85\",\"url\":\"https:\\\/\\\/schuetz-baumaschinen.de\\\/?page_id=85\",\"name\":\"Allgemeine Gesch\u00e4ftsbedingungen - Sch\u00fctz Baumaschinen\",\"isPartOf\":{\"@id\":\"https:\\\/\\\/schuetz-baumaschinen.de\\\/#website\"},\"datePublished\":\"2021-10-21T22:06:39+00:00\",\"dateModified\":\"2022-10-18T14:02:51+00:00\",\"description\":\"Unter allgemeine Gesch\u00e4ftsbedingungen finden Sie alle Verkaufs-, Liefer- und Zahlungs-, Miet- und Reparaturbedingungen und die Datenschutzbestimmung\",\"breadcrumb\":{\"@id\":\"https:\\\/\\\/schuetz-baumaschinen.de\\\/?page_id=85#breadcrumb\"},\"inLanguage\":\"de\",\"potentialAction\":[{\"@type\":\"ReadAction\",\"target\":[\"https:\\\/\\\/schuetz-baumaschinen.de\\\/?page_id=85\"]}]},{\"@type\":\"BreadcrumbList\",\"@id\":\"https:\\\/\\\/schuetz-baumaschinen.de\\\/?page_id=85#breadcrumb\",\"itemListElement\":[{\"@type\":\"ListItem\",\"position\":1,\"name\":\"Startseite\",\"item\":\"https:\\\/\\\/schuetz-baumaschinen.de\\\/\"},{\"@type\":\"ListItem\",\"position\":2,\"name\":\"Allgemeine Gesch\u00e4ftsbedingungen\"}]},{\"@type\":\"WebSite\",\"@id\":\"https:\\\/\\\/schuetz-baumaschinen.de\\\/#website\",\"url\":\"https:\\\/\\\/schuetz-baumaschinen.de\\\/\",\"name\":\"Sch\u00fctz Baumaschinen\",\"description\":\"Die Profis rund ums Bauger\u00e4t\",\"publisher\":{\"@id\":\"https:\\\/\\\/schuetz-baumaschinen.de\\\/#organization\"},\"potentialAction\":[{\"@type\":\"SearchAction\",\"target\":{\"@type\":\"EntryPoint\",\"urlTemplate\":\"https:\\\/\\\/schuetz-baumaschinen.de\\\/?s={search_term_string}\"},\"query-input\":{\"@type\":\"PropertyValueSpecification\",\"valueRequired\":true,\"valueName\":\"search_term_string\"}}],\"inLanguage\":\"de\"},{\"@type\":\"Organization\",\"@id\":\"https:\\\/\\\/schuetz-baumaschinen.de\\\/#organization\",\"name\":\"Sch\u00fctz Baumaschinen\",\"url\":\"https:\\\/\\\/schuetz-baumaschinen.de\\\/\",\"logo\":{\"@type\":\"ImageObject\",\"inLanguage\":\"de\",\"@id\":\"https:\\\/\\\/schuetz-baumaschinen.de\\\/#\\\/schema\\\/logo\\\/image\\\/\",\"url\":\"https:\\\/\\\/schuetz-baumaschinen.de\\\/wp-content\\\/uploads\\\/2022\\\/03\\\/SB-Logo-Weiss-Rot-ohne-Hintergrund-1.png\",\"contentUrl\":\"https:\\\/\\\/schuetz-baumaschinen.de\\\/wp-content\\\/uploads\\\/2022\\\/03\\\/SB-Logo-Weiss-Rot-ohne-Hintergrund-1.png\",\"width\":2289,\"height\":1121,\"caption\":\"Sch\u00fctz Baumaschinen\"},\"image\":{\"@id\":\"https:\\\/\\\/schuetz-baumaschinen.de\\\/#\\\/schema\\\/logo\\\/image\\\/\"}}]}<\/script>\n<!-- \/ Yoast SEO plugin. -->","yoast_head_json":{"title":"Allgemeine Gesch\u00e4ftsbedingungen - Sch\u00fctz Baumaschinen","description":"Unter allgemeine Gesch\u00e4ftsbedingungen finden Sie alle Verkaufs-, Liefer- und Zahlungs-, Miet- und Reparaturbedingungen und die Datenschutzbestimmung","robots":{"index":"index","follow":"follow","max-snippet":"max-snippet:-1","max-image-preview":"max-image-preview:large","max-video-preview":"max-video-preview:-1"},"canonical":"https:\/\/schuetz-baumaschinen.de\/?page_id=85","og_locale":"de_DE","og_type":"article","og_title":"Allgemeine Gesch\u00e4ftsbedingungen - Sch\u00fctz Baumaschinen","og_description":"Unter allgemeine Gesch\u00e4ftsbedingungen finden Sie alle Verkaufs-, Liefer- und Zahlungs-, Miet- und Reparaturbedingungen und die Datenschutzbestimmung","og_url":"https:\/\/schuetz-baumaschinen.de\/?page_id=85","og_site_name":"Sch\u00fctz Baumaschinen","article_modified_time":"2022-10-18T14:02:51+00:00","twitter_card":"summary_large_image","twitter_misc":{"Gesch\u00e4tzte Lesezeit":"1\u00a0Minute"},"schema":{"@context":"https:\/\/schema.org","@graph":[{"@type":"WebPage","@id":"https:\/\/schuetz-baumaschinen.de\/?page_id=85","url":"https:\/\/schuetz-baumaschinen.de\/?page_id=85","name":"Allgemeine Gesch\u00e4ftsbedingungen - Sch\u00fctz Baumaschinen","isPartOf":{"@id":"https:\/\/schuetz-baumaschinen.de\/#website"},"datePublished":"2021-10-21T22:06:39+00:00","dateModified":"2022-10-18T14:02:51+00:00","description":"Unter allgemeine Gesch\u00e4ftsbedingungen finden Sie alle Verkaufs-, Liefer- und Zahlungs-, Miet- und Reparaturbedingungen und die Datenschutzbestimmung","breadcrumb":{"@id":"https:\/\/schuetz-baumaschinen.de\/?page_id=85#breadcrumb"},"inLanguage":"de","potentialAction":[{"@type":"ReadAction","target":["https:\/\/schuetz-baumaschinen.de\/?page_id=85"]}]},{"@type":"BreadcrumbList","@id":"https:\/\/schuetz-baumaschinen.de\/?page_id=85#breadcrumb","itemListElement":[{"@type":"ListItem","position":1,"name":"Startseite","item":"https:\/\/schuetz-baumaschinen.de\/"},{"@type":"ListItem","position":2,"name":"Allgemeine Gesch\u00e4ftsbedingungen"}]},{"@type":"WebSite","@id":"https:\/\/schuetz-baumaschinen.de\/#website","url":"https:\/\/schuetz-baumaschinen.de\/","name":"Sch\u00fctz Baumaschinen","description":"Die Profis rund ums Bauger\u00e4t","publisher":{"@id":"https:\/\/schuetz-baumaschinen.de\/#organization"},"potentialAction":[{"@type":"SearchAction","target":{"@type":"EntryPoint","urlTemplate":"https:\/\/schuetz-baumaschinen.de\/?s={search_term_string}"},"query-input":{"@type":"PropertyValueSpecification","valueRequired":true,"valueName":"search_term_string"}}],"inLanguage":"de"},{"@type":"Organization","@id":"https:\/\/schuetz-baumaschinen.de\/#organization","name":"Sch\u00fctz Baumaschinen","url":"https:\/\/schuetz-baumaschinen.de\/","logo":{"@type":"ImageObject","inLanguage":"de","@id":"https:\/\/schuetz-baumaschinen.de\/#\/schema\/logo\/image\/","url":"https:\/\/schuetz-baumaschinen.de\/wp-content\/uploads\/2022\/03\/SB-Logo-Weiss-Rot-ohne-Hintergrund-1.png","contentUrl":"https:\/\/schuetz-baumaschinen.de\/wp-content\/uploads\/2022\/03\/SB-Logo-Weiss-Rot-ohne-Hintergrund-1.png","width":2289,"height":1121,"caption":"Sch\u00fctz Baumaschinen"},"image":{"@id":"https:\/\/schuetz-baumaschinen.de\/#\/schema\/logo\/image\/"}}]}},"_links":{"self":[{"href":"https:\/\/schuetz-baumaschinen.de\/index.php?rest_route=\/wp\/v2\/pages\/85","targetHints":{"allow":["GET"]}}],"collection":[{"href":"https:\/\/schuetz-baumaschinen.de\/index.php?rest_route=\/wp\/v2\/pages"}],"about":[{"href":"https:\/\/schuetz-baumaschinen.de\/index.php?rest_route=\/wp\/v2\/types\/page"}],"author":[{"embeddable":true,"href":"https:\/\/schuetz-baumaschinen.de\/index.php?rest_route=\/wp\/v2\/users\/1"}],"replies":[{"embeddable":true,"href":"https:\/\/schuetz-baumaschinen.de\/index.php?rest_route=%2Fwp%2Fv2%2Fcomments&post=85"}],"version-history":[{"count":5,"href":"https:\/\/schuetz-baumaschinen.de\/index.php?rest_route=\/wp\/v2\/pages\/85\/revisions"}],"predecessor-version":[{"id":329,"href":"https:\/\/schuetz-baumaschinen.de\/index.php?rest_route=\/wp\/v2\/pages\/85\/revisions\/329"}],"wp:attachment":[{"href":"https:\/\/schuetz-baumaschinen.de\/index.php?rest_route=%2Fwp%2Fv2%2Fmedia&parent=85"}],"curies":[{"name":"wp","href":"https:\/\/api.w.org\/{rel}","templated":true}]}}