{"id":2,"date":"2016-05-10T03:48:21","date_gmt":"2016-05-10T03:48:21","guid":{"rendered":"https:\/\/schuetz-baumaschinen.de\/?page_id=2"},"modified":"2021-10-28T11:27:53","modified_gmt":"2021-10-28T11:27:53","slug":"sample-page","status":"publish","type":"page","link":"https:\/\/schuetz-baumaschinen.de\/?page_id=2","title":{"rendered":"Professioneller Service f\u00fcr Ihre Baumaschinen"},"content":{"rendered":"<p>Ein fachkundiger und zuvorkommender Service steht bei uns an erster Stelle. Profitieren Sie bei Baumaschinenreparaturen und Wartungen Ihrer Ger\u00e4te von unserem Fachwissen und unserer Erfahrung. Ob Bobcat, JCB oder Bomag \u2013 bei uns sind Ihre Baumaschinen garantiert in den besten H\u00e4nden.<\/p>\n<p>Unser Leistungsangebot umfasst folgenden Bereiche:<\/p>\n\n\n<h3 class=\"wp-block-heading\">Service<\/h3>\n\n\n\n<p>In unserer bestens ausgestatteten Meisterwerkstatt k\u00fcmmert sich unser Serviceteam um anfallende Inspektionen und nahezu alle Reparaturen an Baumaschinen. <\/p>\n\n\n\n<figure class=\"wp-block-image size-large is-resized\"><img loading=\"lazy\" decoding=\"async\" src=\"https:\/\/schuetz-baumaschinen.de\/wp-content\/uploads\/2021\/10\/Servicebus-1024x768.jpg\" alt=\"\" class=\"wp-image-163\" width=\"840\" height=\"629\" srcset=\"https:\/\/schuetz-baumaschinen.de\/wp-content\/uploads\/2021\/10\/Servicebus-1024x768.jpg 1024w, https:\/\/schuetz-baumaschinen.de\/wp-content\/uploads\/2021\/10\/Servicebus-scaled-600x450.jpg 600w, https:\/\/schuetz-baumaschinen.de\/wp-content\/uploads\/2021\/10\/Servicebus-300x225.jpg 300w, https:\/\/schuetz-baumaschinen.de\/wp-content\/uploads\/2021\/10\/Servicebus-768x576.jpg 768w, https:\/\/schuetz-baumaschinen.de\/wp-content\/uploads\/2021\/10\/Servicebus-1536x1152.jpg 1536w, https:\/\/schuetz-baumaschinen.de\/wp-content\/uploads\/2021\/10\/Servicebus-2048x1536.jpg 2048w\" sizes=\"auto, (max-width: 840px) 100vw, 840px\" \/><\/figure>\n\n\n\n<p>Wir arbeiten stets schnell, effizient und zuverl\u00e4ssig. Mit unserem bestens ausgestatteten Kundendienstfahrzeug, sind wir in k\u00fcrzester Zeit direkt bei Ihnen vor Ort um technische Probleme zu l\u00f6sen. <\/p>\n\n\n\n<p>Wir verf\u00fcgen neben Diagnoseger\u00e4ten \u00fcber nahezu alle erforderlichen Standard- und Spezialwerkzeuge die f\u00fcr eine schnelle und zuverl\u00e4ssige Reparatur vor Ort erforderlich sind. Mobile Kompressoren, Notstromaggregat, Schwei\u00dfger\u00e4te, Drehmomentwerkzeuge, sowie die erforderliche Serviceunterlagen aller unserer Produkte sind mobil verf\u00fcgbar. <\/p>\n\n\n\n<p>Sollte die Reparatur doch l\u00e4nger dauern, kann Ihnen unser umfangreicher Mietpark sicherlich aushelfen. Wenn Sie Ihre Maschine in unserer Werkstatt reparieren lassen erhalten Sie von uns soweit verf\u00fcgbar \u00dcberbr\u00fcckungsger\u00e4te zu Sonderkonditionen.<\/p>\n\n\n\n<p><\/p>\n\n\n\n<h3 class=\"wp-block-heading\">Unsere Leistungen f\u00fcr Sie:<\/h3>\n\n\n\n<ul class=\"wp-block-list\"><li>Technische Beratung<\/li><li>Planbare Kosten durch genaue Analysen und gezielte Instandsetzung<\/li><li>Reparatur und Umbauten an fast allen Fabrikaten<\/li><li>UVV Sachkundigen Pr\u00fcfung gem\u00e4\u00df BGR 500<\/li><li>Wochenend-Wartungs- sowie -Reparaturservice auf Anfrage<\/li><li>Einbau von Sicherheitssystemen wie R\u00fcckfahrkameras oder R\u00fcckfahrsignale<\/li><li>Schwei\u00dfarbeiten mit DVS-Zertifizierung<\/li><li>Fahrerschulungen \/ Einweisungen<\/li><\/ul>\n","protected":false},"excerpt":{"rendered":"<p>Ein fachkundiger und zuvorkommender Service steht bei uns an erster Stelle. Profitieren Sie bei Baumaschinenreparaturen und Wartungen Ihrer Ger\u00e4te von unserem Fachwissen und unserer Erfahrung. Ob Bobcat, JCB oder Bomag \u2013 bei uns sind Ihre Baumaschinen garantiert in den besten H\u00e4nden. Unser Leistungsangebot umfasst folgenden Bereiche: Service In unserer bestens ausgestatteten Meisterwerkstatt k\u00fcmmert sich unser [&hellip;]<\/p>\n","protected":false},"author":1,"featured_media":100,"parent":0,"menu_order":0,"comment_status":"closed","ping_status":"closed","template":"","meta":{"footnotes":""},"class_list":["post-2","page","type-page","status-publish","has-post-thumbnail","hentry"],"yoast_head":"<!-- This site is optimized with the Yoast SEO plugin v27.5 - https:\/\/yoast.com\/product\/yoast-seo-wordpress\/ -->\n<title>Professioneller Service f\u00fcr Ihre Baumaschinen - Sch\u00fctz Baumaschinen<\/title>\n<meta name=\"robots\" content=\"index, follow, max-snippet:-1, max-image-preview:large, max-video-preview:-1\" \/>\n<link rel=\"canonical\" href=\"https:\/\/schuetz-baumaschinen.de\/?page_id=2\" \/>\n<meta property=\"og:locale\" content=\"de_DE\" \/>\n<meta property=\"og:type\" content=\"article\" \/>\n<meta property=\"og:title\" content=\"Professioneller Service f\u00fcr Ihre Baumaschinen - Sch\u00fctz Baumaschinen\" \/>\n<meta property=\"og:description\" content=\"Ein fachkundiger und zuvorkommender Service steht bei uns an erster Stelle. Profitieren Sie bei Baumaschinenreparaturen und Wartungen Ihrer Ger\u00e4te von unserem Fachwissen und unserer Erfahrung. Ob Bobcat, JCB oder Bomag \u2013 bei uns sind Ihre Baumaschinen garantiert in den besten H\u00e4nden. Unser Leistungsangebot umfasst folgenden Bereiche: Service In unserer bestens ausgestatteten Meisterwerkstatt k\u00fcmmert sich unser [&hellip;]\" \/>\n<meta property=\"og:url\" content=\"https:\/\/schuetz-baumaschinen.de\/?page_id=2\" \/>\n<meta property=\"og:site_name\" content=\"Sch\u00fctz Baumaschinen\" \/>\n<meta property=\"article:modified_time\" content=\"2021-10-28T11:27:53+00:00\" \/>\n<meta property=\"og:image\" content=\"https:\/\/schuetz-baumaschinen.de\/wp-content\/uploads\/2021\/10\/traktor_bagger-1-scaled.jpg\" \/>\n\t<meta property=\"og:image:width\" content=\"2560\" \/>\n\t<meta property=\"og:image:height\" content=\"1920\" \/>\n\t<meta property=\"og:image:type\" content=\"image\/jpeg\" \/>\n<meta name=\"twitter:card\" content=\"summary_large_image\" \/>\n<meta name=\"twitter:label1\" content=\"Gesch\u00e4tzte Lesezeit\" \/>\n\t<meta name=\"twitter:data1\" content=\"2\u00a0Minuten\" \/>\n<script type=\"application\/ld+json\" class=\"yoast-schema-graph\">{\"@context\":\"https:\\\/\\\/schema.org\",\"@graph\":[{\"@type\":\"WebPage\",\"@id\":\"https:\\\/\\\/schuetz-baumaschinen.de\\\/?page_id=2\",\"url\":\"https:\\\/\\\/schuetz-baumaschinen.de\\\/?page_id=2\",\"name\":\"Professioneller Service f\u00fcr Ihre Baumaschinen - Sch\u00fctz Baumaschinen\",\"isPartOf\":{\"@id\":\"https:\\\/\\\/schuetz-baumaschinen.de\\\/#website\"},\"primaryImageOfPage\":{\"@id\":\"https:\\\/\\\/schuetz-baumaschinen.de\\\/?page_id=2#primaryimage\"},\"image\":{\"@id\":\"https:\\\/\\\/schuetz-baumaschinen.de\\\/?page_id=2#primaryimage\"},\"thumbnailUrl\":\"https:\\\/\\\/schuetz-baumaschinen.de\\\/wp-content\\\/uploads\\\/2021\\\/10\\\/traktor_bagger-1-scaled.jpg\",\"datePublished\":\"2016-05-10T03:48:21+00:00\",\"dateModified\":\"2021-10-28T11:27:53+00:00\",\"breadcrumb\":{\"@id\":\"https:\\\/\\\/schuetz-baumaschinen.de\\\/?page_id=2#breadcrumb\"},\"inLanguage\":\"de\",\"potentialAction\":[{\"@type\":\"ReadAction\",\"target\":[\"https:\\\/\\\/schuetz-baumaschinen.de\\\/?page_id=2\"]}]},{\"@type\":\"ImageObject\",\"inLanguage\":\"de\",\"@id\":\"https:\\\/\\\/schuetz-baumaschinen.de\\\/?page_id=2#primaryimage\",\"url\":\"https:\\\/\\\/schuetz-baumaschinen.de\\\/wp-content\\\/uploads\\\/2021\\\/10\\\/traktor_bagger-1-scaled.jpg\",\"contentUrl\":\"https:\\\/\\\/schuetz-baumaschinen.de\\\/wp-content\\\/uploads\\\/2021\\\/10\\\/traktor_bagger-1-scaled.jpg\",\"width\":2560,\"height\":1920,\"caption\":\"Exif_JPEG_420\"},{\"@type\":\"BreadcrumbList\",\"@id\":\"https:\\\/\\\/schuetz-baumaschinen.de\\\/?page_id=2#breadcrumb\",\"itemListElement\":[{\"@type\":\"ListItem\",\"position\":1,\"name\":\"Startseite\",\"item\":\"https:\\\/\\\/schuetz-baumaschinen.de\\\/\"},{\"@type\":\"ListItem\",\"position\":2,\"name\":\"Professioneller Service f\u00fcr Ihre Baumaschinen\"}]},{\"@type\":\"WebSite\",\"@id\":\"https:\\\/\\\/schuetz-baumaschinen.de\\\/#website\",\"url\":\"https:\\\/\\\/schuetz-baumaschinen.de\\\/\",\"name\":\"Sch\u00fctz Baumaschinen\",\"description\":\"Die Profis rund ums Bauger\u00e4t\",\"publisher\":{\"@id\":\"https:\\\/\\\/schuetz-baumaschinen.de\\\/#organization\"},\"potentialAction\":[{\"@type\":\"SearchAction\",\"target\":{\"@type\":\"EntryPoint\",\"urlTemplate\":\"https:\\\/\\\/schuetz-baumaschinen.de\\\/?s={search_term_string}\"},\"query-input\":{\"@type\":\"PropertyValueSpecification\",\"valueRequired\":true,\"valueName\":\"search_term_string\"}}],\"inLanguage\":\"de\"},{\"@type\":\"Organization\",\"@id\":\"https:\\\/\\\/schuetz-baumaschinen.de\\\/#organization\",\"name\":\"Sch\u00fctz Baumaschinen\",\"url\":\"https:\\\/\\\/schuetz-baumaschinen.de\\\/\",\"logo\":{\"@type\":\"ImageObject\",\"inLanguage\":\"de\",\"@id\":\"https:\\\/\\\/schuetz-baumaschinen.de\\\/#\\\/schema\\\/logo\\\/image\\\/\",\"url\":\"https:\\\/\\\/schuetz-baumaschinen.de\\\/wp-content\\\/uploads\\\/2022\\\/03\\\/SB-Logo-Weiss-Rot-ohne-Hintergrund-1.png\",\"contentUrl\":\"https:\\\/\\\/schuetz-baumaschinen.de\\\/wp-content\\\/uploads\\\/2022\\\/03\\\/SB-Logo-Weiss-Rot-ohne-Hintergrund-1.png\",\"width\":2289,\"height\":1121,\"caption\":\"Sch\u00fctz Baumaschinen\"},\"image\":{\"@id\":\"https:\\\/\\\/schuetz-baumaschinen.de\\\/#\\\/schema\\\/logo\\\/image\\\/\"}}]}<\/script>\n<!-- \/ Yoast SEO plugin. -->","yoast_head_json":{"title":"Professioneller Service f\u00fcr Ihre Baumaschinen - Sch\u00fctz Baumaschinen","robots":{"index":"index","follow":"follow","max-snippet":"max-snippet:-1","max-image-preview":"max-image-preview:large","max-video-preview":"max-video-preview:-1"},"canonical":"https:\/\/schuetz-baumaschinen.de\/?page_id=2","og_locale":"de_DE","og_type":"article","og_title":"Professioneller Service f\u00fcr Ihre Baumaschinen - Sch\u00fctz Baumaschinen","og_description":"Ein fachkundiger und zuvorkommender Service steht bei uns an erster Stelle. Profitieren Sie bei Baumaschinenreparaturen und Wartungen Ihrer Ger\u00e4te von unserem Fachwissen und unserer Erfahrung. Ob Bobcat, JCB oder Bomag \u2013 bei uns sind Ihre Baumaschinen garantiert in den besten H\u00e4nden. Unser Leistungsangebot umfasst folgenden Bereiche: Service In unserer bestens ausgestatteten Meisterwerkstatt k\u00fcmmert sich unser [&hellip;]","og_url":"https:\/\/schuetz-baumaschinen.de\/?page_id=2","og_site_name":"Sch\u00fctz Baumaschinen","article_modified_time":"2021-10-28T11:27:53+00:00","og_image":[{"width":2560,"height":1920,"url":"https:\/\/schuetz-baumaschinen.de\/wp-content\/uploads\/2021\/10\/traktor_bagger-1-scaled.jpg","type":"image\/jpeg"}],"twitter_card":"summary_large_image","twitter_misc":{"Gesch\u00e4tzte Lesezeit":"2\u00a0Minuten"},"schema":{"@context":"https:\/\/schema.org","@graph":[{"@type":"WebPage","@id":"https:\/\/schuetz-baumaschinen.de\/?page_id=2","url":"https:\/\/schuetz-baumaschinen.de\/?page_id=2","name":"Professioneller Service f\u00fcr Ihre Baumaschinen - Sch\u00fctz Baumaschinen","isPartOf":{"@id":"https:\/\/schuetz-baumaschinen.de\/#website"},"primaryImageOfPage":{"@id":"https:\/\/schuetz-baumaschinen.de\/?page_id=2#primaryimage"},"image":{"@id":"https:\/\/schuetz-baumaschinen.de\/?page_id=2#primaryimage"},"thumbnailUrl":"https:\/\/schuetz-baumaschinen.de\/wp-content\/uploads\/2021\/10\/traktor_bagger-1-scaled.jpg","datePublished":"2016-05-10T03:48:21+00:00","dateModified":"2021-10-28T11:27:53+00:00","breadcrumb":{"@id":"https:\/\/schuetz-baumaschinen.de\/?page_id=2#breadcrumb"},"inLanguage":"de","potentialAction":[{"@type":"ReadAction","target":["https:\/\/schuetz-baumaschinen.de\/?page_id=2"]}]},{"@type":"ImageObject","inLanguage":"de","@id":"https:\/\/schuetz-baumaschinen.de\/?page_id=2#primaryimage","url":"https:\/\/schuetz-baumaschinen.de\/wp-content\/uploads\/2021\/10\/traktor_bagger-1-scaled.jpg","contentUrl":"https:\/\/schuetz-baumaschinen.de\/wp-content\/uploads\/2021\/10\/traktor_bagger-1-scaled.jpg","width":2560,"height":1920,"caption":"Exif_JPEG_420"},{"@type":"BreadcrumbList","@id":"https:\/\/schuetz-baumaschinen.de\/?page_id=2#breadcrumb","itemListElement":[{"@type":"ListItem","position":1,"name":"Startseite","item":"https:\/\/schuetz-baumaschinen.de\/"},{"@type":"ListItem","position":2,"name":"Professioneller Service f\u00fcr Ihre Baumaschinen"}]},{"@type":"WebSite","@id":"https:\/\/schuetz-baumaschinen.de\/#website","url":"https:\/\/schuetz-baumaschinen.de\/","name":"Sch\u00fctz Baumaschinen","description":"Die Profis rund ums Bauger\u00e4t","publisher":{"@id":"https:\/\/schuetz-baumaschinen.de\/#organization"},"potentialAction":[{"@type":"SearchAction","target":{"@type":"EntryPoint","urlTemplate":"https:\/\/schuetz-baumaschinen.de\/?s={search_term_string}"},"query-input":{"@type":"PropertyValueSpecification","valueRequired":true,"valueName":"search_term_string"}}],"inLanguage":"de"},{"@type":"Organization","@id":"https:\/\/schuetz-baumaschinen.de\/#organization","name":"Sch\u00fctz Baumaschinen","url":"https:\/\/schuetz-baumaschinen.de\/","logo":{"@type":"ImageObject","inLanguage":"de","@id":"https:\/\/schuetz-baumaschinen.de\/#\/schema\/logo\/image\/","url":"https:\/\/schuetz-baumaschinen.de\/wp-content\/uploads\/2022\/03\/SB-Logo-Weiss-Rot-ohne-Hintergrund-1.png","contentUrl":"https:\/\/schuetz-baumaschinen.de\/wp-content\/uploads\/2022\/03\/SB-Logo-Weiss-Rot-ohne-Hintergrund-1.png","width":2289,"height":1121,"caption":"Sch\u00fctz Baumaschinen"},"image":{"@id":"https:\/\/schuetz-baumaschinen.de\/#\/schema\/logo\/image\/"}}]}},"_links":{"self":[{"href":"https:\/\/schuetz-baumaschinen.de\/index.php?rest_route=\/wp\/v2\/pages\/2","targetHints":{"allow":["GET"]}}],"collection":[{"href":"https:\/\/schuetz-baumaschinen.de\/index.php?rest_route=\/wp\/v2\/pages"}],"about":[{"href":"https:\/\/schuetz-baumaschinen.de\/index.php?rest_route=\/wp\/v2\/types\/page"}],"author":[{"embeddable":true,"href":"https:\/\/schuetz-baumaschinen.de\/index.php?rest_route=\/wp\/v2\/users\/1"}],"replies":[{"embeddable":true,"href":"https:\/\/schuetz-baumaschinen.de\/index.php?rest_route=%2Fwp%2Fv2%2Fcomments&post=2"}],"version-history":[{"count":2,"href":"https:\/\/schuetz-baumaschinen.de\/index.php?rest_route=\/wp\/v2\/pages\/2\/revisions"}],"predecessor-version":[{"id":165,"href":"https:\/\/schuetz-baumaschinen.de\/index.php?rest_route=\/wp\/v2\/pages\/2\/revisions\/165"}],"wp:featuredmedia":[{"embeddable":true,"href":"https:\/\/schuetz-baumaschinen.de\/index.php?rest_route=\/wp\/v2\/media\/100"}],"wp:attachment":[{"href":"https:\/\/schuetz-baumaschinen.de\/index.php?rest_route=%2Fwp%2Fv2%2Fmedia&parent=2"}],"curies":[{"name":"wp","href":"https:\/\/api.w.org\/{rel}","templated":true}]}}