{"id":170,"date":"2021-10-30T17:48:49","date_gmt":"2021-10-30T17:48:49","guid":{"rendered":"https:\/\/schuetz-baumaschinen.de\/?page_id=170"},"modified":"2021-11-08T11:42:52","modified_gmt":"2021-11-08T11:42:52","slug":"ueber-uns","status":"publish","type":"page","link":"https:\/\/schuetz-baumaschinen.de\/?page_id=170","title":{"rendered":"\u00dcber uns"},"content":{"rendered":"\n<p>Sch\u00fctz Baumaschinen ist eine kleine Meister-Werkstatt, die sich auf die Vermietung und Wartung von Bau- und Landmaschinen spezialisiert. Meister und Inhaber Tobias Sch\u00fctz vertritt seit Ende 2019 die Stadt Michelstadt in der weltweiten Branche der Baumaschinen. <\/p>\n\n\n\n<p>Im Jahr 2017 erhielt Tobias den Titel des Gesellen als Land- und Baumaschinenmechatroniker bei der Feick Landtechnik GmbH und Co. KG aus Reinheim. Weitere Berufserfahrung wurde in den Folgejahren als Geselle in der Werkstatt der Reso GmbH gewonnen. Doch es war klar, dass besonders das Arbeiten an Baumaschinen ein Hauptaspekt in seinem Arbeitsalltag darstellen sollte. <\/p>\n\n\n\n<p>Noch vor der Ausbildung zum Meister der Land- und Baumaschinen Technik wurde die Firma Sch\u00fctz Baumaschinen gegr\u00fcndet und bietet die Vermietung, den Verkauf und den Service von Baumaschinen an. Mit guten Verbindungen zu Herstellern und Vertrieben kann ein weitreichendes Portfolio an Baumaschinen angeboten werden. Dar\u00fcber hinaus kann sich Tobias mit verschiedenen Zertifikaten r\u00fchmen. Damit k\u00f6nnen bei Sch\u00fctz Baumaschinen die meisten Sch\u00e4den direkt und richtlinienkonform behoben werden. <\/p>\n\n\n\n<figure class=\"wp-block-gallery columns-3 is-cropped wp-block-gallery-1 is-layout-flex wp-block-gallery-is-layout-flex\"><ul class=\"blocks-gallery-grid\"><li class=\"blocks-gallery-item\"><figure><a href=\"https:\/\/schuetz-baumaschinen.de\/wp-content\/uploads\/2021\/10\/zertifikat_sachkunde_kraftfahrzeug_klimaanlagen-1.png\"><img loading=\"lazy\" decoding=\"async\" width=\"666\" height=\"1024\" src=\"https:\/\/schuetz-baumaschinen.de\/wp-content\/uploads\/2021\/10\/zertifikat_sachkunde_kraftfahrzeug_klimaanlagen-1-666x1024.png\" alt=\"\" data-id=\"180\" data-full-url=\"https:\/\/schuetz-baumaschinen.de\/wp-content\/uploads\/2021\/10\/zertifikat_sachkunde_kraftfahrzeug_klimaanlagen-1.png\" data-link=\"https:\/\/schuetz-baumaschinen.de\/?attachment_id=180\" class=\"wp-image-180\" srcset=\"https:\/\/schuetz-baumaschinen.de\/wp-content\/uploads\/2021\/10\/zertifikat_sachkunde_kraftfahrzeug_klimaanlagen-1-666x1024.png 666w, https:\/\/schuetz-baumaschinen.de\/wp-content\/uploads\/2021\/10\/zertifikat_sachkunde_kraftfahrzeug_klimaanlagen-1-600x923.png 600w, https:\/\/schuetz-baumaschinen.de\/wp-content\/uploads\/2021\/10\/zertifikat_sachkunde_kraftfahrzeug_klimaanlagen-1-195x300.png 195w, https:\/\/schuetz-baumaschinen.de\/wp-content\/uploads\/2021\/10\/zertifikat_sachkunde_kraftfahrzeug_klimaanlagen-1.png 750w\" sizes=\"auto, (max-width: 666px) 100vw, 666px\" \/><\/a><\/figure><\/li><li class=\"blocks-gallery-item\"><figure><a href=\"https:\/\/schuetz-baumaschinen.de\/wp-content\/uploads\/2021\/10\/zertifikat_sachkundiger_erdbaumaschinen-1.png\"><img loading=\"lazy\" decoding=\"async\" width=\"718\" height=\"1024\" src=\"https:\/\/schuetz-baumaschinen.de\/wp-content\/uploads\/2021\/10\/zertifikat_sachkundiger_erdbaumaschinen-1-718x1024.png\" alt=\"\" data-id=\"179\" data-full-url=\"https:\/\/schuetz-baumaschinen.de\/wp-content\/uploads\/2021\/10\/zertifikat_sachkundiger_erdbaumaschinen-1.png\" data-link=\"https:\/\/schuetz-baumaschinen.de\/?attachment_id=179\" class=\"wp-image-179\" srcset=\"https:\/\/schuetz-baumaschinen.de\/wp-content\/uploads\/2021\/10\/zertifikat_sachkundiger_erdbaumaschinen-1-718x1024.png 718w, https:\/\/schuetz-baumaschinen.de\/wp-content\/uploads\/2021\/10\/zertifikat_sachkundiger_erdbaumaschinen-1-600x855.png 600w, https:\/\/schuetz-baumaschinen.de\/wp-content\/uploads\/2021\/10\/zertifikat_sachkundiger_erdbaumaschinen-1-210x300.png 210w, https:\/\/schuetz-baumaschinen.de\/wp-content\/uploads\/2021\/10\/zertifikat_sachkundiger_erdbaumaschinen-1.png 750w\" sizes=\"auto, (max-width: 718px) 100vw, 718px\" \/><\/a><\/figure><\/li><li class=\"blocks-gallery-item\"><figure><a href=\"https:\/\/schuetz-baumaschinen.de\/wp-content\/uploads\/2021\/10\/gesellenbrief-1.png\"><img loading=\"lazy\" decoding=\"async\" width=\"750\" height=\"1001\" src=\"https:\/\/schuetz-baumaschinen.de\/wp-content\/uploads\/2021\/10\/gesellenbrief-1.png\" alt=\"\" data-id=\"178\" data-full-url=\"https:\/\/schuetz-baumaschinen.de\/wp-content\/uploads\/2021\/10\/gesellenbrief-1.png\" data-link=\"https:\/\/schuetz-baumaschinen.de\/?attachment_id=178\" class=\"wp-image-178\" srcset=\"https:\/\/schuetz-baumaschinen.de\/wp-content\/uploads\/2021\/10\/gesellenbrief-1.png 750w, https:\/\/schuetz-baumaschinen.de\/wp-content\/uploads\/2021\/10\/gesellenbrief-1-600x801.png 600w, https:\/\/schuetz-baumaschinen.de\/wp-content\/uploads\/2021\/10\/gesellenbrief-1-225x300.png 225w\" sizes=\"auto, (max-width: 750px) 100vw, 750px\" \/><\/a><\/figure><\/li><li class=\"blocks-gallery-item\"><figure><a href=\"https:\/\/schuetz-baumaschinen.de\/wp-content\/uploads\/2021\/10\/zeitung.png\"><img loading=\"lazy\" decoding=\"async\" width=\"930\" height=\"454\" src=\"https:\/\/schuetz-baumaschinen.de\/wp-content\/uploads\/2021\/10\/zeitung.png\" alt=\"\" data-id=\"171\" data-full-url=\"https:\/\/schuetz-baumaschinen.de\/wp-content\/uploads\/2021\/10\/zeitung.png\" data-link=\"https:\/\/schuetz-baumaschinen.de\/?attachment_id=171\" class=\"wp-image-171\" srcset=\"https:\/\/schuetz-baumaschinen.de\/wp-content\/uploads\/2021\/10\/zeitung.png 930w, https:\/\/schuetz-baumaschinen.de\/wp-content\/uploads\/2021\/10\/zeitung-600x293.png 600w, https:\/\/schuetz-baumaschinen.de\/wp-content\/uploads\/2021\/10\/zeitung-300x146.png 300w, https:\/\/schuetz-baumaschinen.de\/wp-content\/uploads\/2021\/10\/zeitung-768x375.png 768w\" sizes=\"auto, (max-width: 930px) 100vw, 930px\" \/><\/a><\/figure><\/li><li class=\"blocks-gallery-item\"><figure><a href=\"https:\/\/schuetz-baumaschinen.de\/wp-content\/uploads\/2021\/10\/meisterbrief-scaled.jpg\"><img loading=\"lazy\" decoding=\"async\" width=\"813\" height=\"1024\" src=\"https:\/\/schuetz-baumaschinen.de\/wp-content\/uploads\/2021\/10\/meisterbrief-813x1024.jpg\" alt=\"\" data-id=\"151\" data-full-url=\"https:\/\/schuetz-baumaschinen.de\/wp-content\/uploads\/2021\/10\/meisterbrief-scaled.jpg\" data-link=\"https:\/\/schuetz-baumaschinen.de\/?attachment_id=151\" class=\"wp-image-151\" srcset=\"https:\/\/schuetz-baumaschinen.de\/wp-content\/uploads\/2021\/10\/meisterbrief-813x1024.jpg 813w, https:\/\/schuetz-baumaschinen.de\/wp-content\/uploads\/2021\/10\/meisterbrief-scaled-600x755.jpg 600w, https:\/\/schuetz-baumaschinen.de\/wp-content\/uploads\/2021\/10\/meisterbrief-238x300.jpg 238w, https:\/\/schuetz-baumaschinen.de\/wp-content\/uploads\/2021\/10\/meisterbrief-768x967.jpg 768w, https:\/\/schuetz-baumaschinen.de\/wp-content\/uploads\/2021\/10\/meisterbrief-1220x1536.jpg 1220w, https:\/\/schuetz-baumaschinen.de\/wp-content\/uploads\/2021\/10\/meisterbrief-1627x2048.jpg 1627w, https:\/\/schuetz-baumaschinen.de\/wp-content\/uploads\/2021\/10\/meisterbrief-scaled.jpg 2034w\" sizes=\"auto, (max-width: 813px) 100vw, 813px\" \/><\/a><\/figure><\/li><\/ul><\/figure>\n","protected":false},"excerpt":{"rendered":"<p>Sch\u00fctz Baumaschinen ist eine kleine Meister-Werkstatt, die sich auf die Vermietung und Wartung von Bau- und Landmaschinen spezialisiert. Meister und Inhaber Tobias Sch\u00fctz vertritt seit Ende 2019 die Stadt Michelstadt in der weltweiten Branche der Baumaschinen. Im Jahr 2017 erhielt Tobias den Titel des Gesellen als Land- und Baumaschinenmechatroniker bei der Feick Landtechnik GmbH und [&hellip;]<\/p>\n","protected":false},"author":1,"featured_media":0,"parent":0,"menu_order":0,"comment_status":"closed","ping_status":"closed","template":"","meta":{"footnotes":""},"class_list":["post-170","page","type-page","status-publish","hentry"],"yoast_head":"<!-- This site is optimized with the Yoast SEO plugin v27.5 - https:\/\/yoast.com\/product\/yoast-seo-wordpress\/ -->\n<title>\u00dcber uns - Sch\u00fctz Baumaschinen<\/title>\n<meta name=\"description\" content=\"Sch\u00fctz Baumaschinen ist eine kleine Meister-Werkstatt, die sich auf die Vermietung und Wartung von Bau- und Landmaschinen spezialisiert.\" \/>\n<meta name=\"robots\" content=\"index, follow, max-snippet:-1, max-image-preview:large, max-video-preview:-1\" \/>\n<link rel=\"canonical\" href=\"https:\/\/schuetz-baumaschinen.de\/?page_id=170\" \/>\n<meta property=\"og:locale\" content=\"de_DE\" \/>\n<meta property=\"og:type\" content=\"article\" \/>\n<meta property=\"og:title\" content=\"\u00dcber uns - Sch\u00fctz Baumaschinen\" \/>\n<meta property=\"og:description\" content=\"Sch\u00fctz Baumaschinen ist eine kleine Meister-Werkstatt, die sich auf die Vermietung und Wartung von Bau- und Landmaschinen spezialisiert.\" \/>\n<meta property=\"og:url\" content=\"https:\/\/schuetz-baumaschinen.de\/?page_id=170\" \/>\n<meta property=\"og:site_name\" content=\"Sch\u00fctz Baumaschinen\" \/>\n<meta property=\"article:modified_time\" content=\"2021-11-08T11:42:52+00:00\" \/>\n<meta property=\"og:image\" content=\"https:\/\/schuetz-baumaschinen.de\/wp-content\/uploads\/2021\/10\/zertifikat_sachkunde_kraftfahrzeug_klimaanlagen-1-666x1024.png\" \/>\n<meta name=\"twitter:card\" content=\"summary_large_image\" \/>\n<meta name=\"twitter:label1\" content=\"Gesch\u00e4tzte Lesezeit\" \/>\n\t<meta name=\"twitter:data1\" content=\"2\u00a0Minuten\" \/>\n<script type=\"application\/ld+json\" class=\"yoast-schema-graph\">{\"@context\":\"https:\\\/\\\/schema.org\",\"@graph\":[{\"@type\":\"WebPage\",\"@id\":\"https:\\\/\\\/schuetz-baumaschinen.de\\\/?page_id=170\",\"url\":\"https:\\\/\\\/schuetz-baumaschinen.de\\\/?page_id=170\",\"name\":\"\u00dcber uns - Sch\u00fctz Baumaschinen\",\"isPartOf\":{\"@id\":\"https:\\\/\\\/schuetz-baumaschinen.de\\\/#website\"},\"primaryImageOfPage\":{\"@id\":\"https:\\\/\\\/schuetz-baumaschinen.de\\\/?page_id=170#primaryimage\"},\"image\":{\"@id\":\"https:\\\/\\\/schuetz-baumaschinen.de\\\/?page_id=170#primaryimage\"},\"thumbnailUrl\":\"https:\\\/\\\/schuetz-baumaschinen.de\\\/wp-content\\\/uploads\\\/2021\\\/10\\\/zertifikat_sachkunde_kraftfahrzeug_klimaanlagen-1-666x1024.png\",\"datePublished\":\"2021-10-30T17:48:49+00:00\",\"dateModified\":\"2021-11-08T11:42:52+00:00\",\"description\":\"Sch\u00fctz Baumaschinen ist eine kleine Meister-Werkstatt, die sich auf die Vermietung und Wartung von Bau- und Landmaschinen spezialisiert.\",\"breadcrumb\":{\"@id\":\"https:\\\/\\\/schuetz-baumaschinen.de\\\/?page_id=170#breadcrumb\"},\"inLanguage\":\"de\",\"potentialAction\":[{\"@type\":\"ReadAction\",\"target\":[\"https:\\\/\\\/schuetz-baumaschinen.de\\\/?page_id=170\"]}]},{\"@type\":\"ImageObject\",\"inLanguage\":\"de\",\"@id\":\"https:\\\/\\\/schuetz-baumaschinen.de\\\/?page_id=170#primaryimage\",\"url\":\"https:\\\/\\\/schuetz-baumaschinen.de\\\/wp-content\\\/uploads\\\/2021\\\/10\\\/zertifikat_sachkunde_kraftfahrzeug_klimaanlagen-1.png\",\"contentUrl\":\"https:\\\/\\\/schuetz-baumaschinen.de\\\/wp-content\\\/uploads\\\/2021\\\/10\\\/zertifikat_sachkunde_kraftfahrzeug_klimaanlagen-1.png\",\"width\":750,\"height\":1154},{\"@type\":\"BreadcrumbList\",\"@id\":\"https:\\\/\\\/schuetz-baumaschinen.de\\\/?page_id=170#breadcrumb\",\"itemListElement\":[{\"@type\":\"ListItem\",\"position\":1,\"name\":\"Startseite\",\"item\":\"https:\\\/\\\/schuetz-baumaschinen.de\\\/\"},{\"@type\":\"ListItem\",\"position\":2,\"name\":\"\u00dcber uns\"}]},{\"@type\":\"WebSite\",\"@id\":\"https:\\\/\\\/schuetz-baumaschinen.de\\\/#website\",\"url\":\"https:\\\/\\\/schuetz-baumaschinen.de\\\/\",\"name\":\"Sch\u00fctz Baumaschinen\",\"description\":\"Die Profis rund ums Bauger\u00e4t\",\"publisher\":{\"@id\":\"https:\\\/\\\/schuetz-baumaschinen.de\\\/#organization\"},\"potentialAction\":[{\"@type\":\"SearchAction\",\"target\":{\"@type\":\"EntryPoint\",\"urlTemplate\":\"https:\\\/\\\/schuetz-baumaschinen.de\\\/?s={search_term_string}\"},\"query-input\":{\"@type\":\"PropertyValueSpecification\",\"valueRequired\":true,\"valueName\":\"search_term_string\"}}],\"inLanguage\":\"de\"},{\"@type\":\"Organization\",\"@id\":\"https:\\\/\\\/schuetz-baumaschinen.de\\\/#organization\",\"name\":\"Sch\u00fctz Baumaschinen\",\"url\":\"https:\\\/\\\/schuetz-baumaschinen.de\\\/\",\"logo\":{\"@type\":\"ImageObject\",\"inLanguage\":\"de\",\"@id\":\"https:\\\/\\\/schuetz-baumaschinen.de\\\/#\\\/schema\\\/logo\\\/image\\\/\",\"url\":\"https:\\\/\\\/schuetz-baumaschinen.de\\\/wp-content\\\/uploads\\\/2022\\\/03\\\/SB-Logo-Weiss-Rot-ohne-Hintergrund-1.png\",\"contentUrl\":\"https:\\\/\\\/schuetz-baumaschinen.de\\\/wp-content\\\/uploads\\\/2022\\\/03\\\/SB-Logo-Weiss-Rot-ohne-Hintergrund-1.png\",\"width\":2289,\"height\":1121,\"caption\":\"Sch\u00fctz Baumaschinen\"},\"image\":{\"@id\":\"https:\\\/\\\/schuetz-baumaschinen.de\\\/#\\\/schema\\\/logo\\\/image\\\/\"}}]}<\/script>\n<!-- \/ Yoast SEO plugin. -->","yoast_head_json":{"title":"\u00dcber uns - Sch\u00fctz Baumaschinen","description":"Sch\u00fctz Baumaschinen ist eine kleine Meister-Werkstatt, die sich auf die Vermietung und Wartung von Bau- und Landmaschinen spezialisiert.","robots":{"index":"index","follow":"follow","max-snippet":"max-snippet:-1","max-image-preview":"max-image-preview:large","max-video-preview":"max-video-preview:-1"},"canonical":"https:\/\/schuetz-baumaschinen.de\/?page_id=170","og_locale":"de_DE","og_type":"article","og_title":"\u00dcber uns - Sch\u00fctz Baumaschinen","og_description":"Sch\u00fctz Baumaschinen ist eine kleine Meister-Werkstatt, die sich auf die Vermietung und Wartung von Bau- und Landmaschinen spezialisiert.","og_url":"https:\/\/schuetz-baumaschinen.de\/?page_id=170","og_site_name":"Sch\u00fctz Baumaschinen","article_modified_time":"2021-11-08T11:42:52+00:00","og_image":[{"url":"https:\/\/schuetz-baumaschinen.de\/wp-content\/uploads\/2021\/10\/zertifikat_sachkunde_kraftfahrzeug_klimaanlagen-1-666x1024.png","type":"","width":"","height":""}],"twitter_card":"summary_large_image","twitter_misc":{"Gesch\u00e4tzte Lesezeit":"2\u00a0Minuten"},"schema":{"@context":"https:\/\/schema.org","@graph":[{"@type":"WebPage","@id":"https:\/\/schuetz-baumaschinen.de\/?page_id=170","url":"https:\/\/schuetz-baumaschinen.de\/?page_id=170","name":"\u00dcber uns - Sch\u00fctz Baumaschinen","isPartOf":{"@id":"https:\/\/schuetz-baumaschinen.de\/#website"},"primaryImageOfPage":{"@id":"https:\/\/schuetz-baumaschinen.de\/?page_id=170#primaryimage"},"image":{"@id":"https:\/\/schuetz-baumaschinen.de\/?page_id=170#primaryimage"},"thumbnailUrl":"https:\/\/schuetz-baumaschinen.de\/wp-content\/uploads\/2021\/10\/zertifikat_sachkunde_kraftfahrzeug_klimaanlagen-1-666x1024.png","datePublished":"2021-10-30T17:48:49+00:00","dateModified":"2021-11-08T11:42:52+00:00","description":"Sch\u00fctz Baumaschinen ist eine kleine Meister-Werkstatt, die sich auf die Vermietung und Wartung von Bau- und Landmaschinen spezialisiert.","breadcrumb":{"@id":"https:\/\/schuetz-baumaschinen.de\/?page_id=170#breadcrumb"},"inLanguage":"de","potentialAction":[{"@type":"ReadAction","target":["https:\/\/schuetz-baumaschinen.de\/?page_id=170"]}]},{"@type":"ImageObject","inLanguage":"de","@id":"https:\/\/schuetz-baumaschinen.de\/?page_id=170#primaryimage","url":"https:\/\/schuetz-baumaschinen.de\/wp-content\/uploads\/2021\/10\/zertifikat_sachkunde_kraftfahrzeug_klimaanlagen-1.png","contentUrl":"https:\/\/schuetz-baumaschinen.de\/wp-content\/uploads\/2021\/10\/zertifikat_sachkunde_kraftfahrzeug_klimaanlagen-1.png","width":750,"height":1154},{"@type":"BreadcrumbList","@id":"https:\/\/schuetz-baumaschinen.de\/?page_id=170#breadcrumb","itemListElement":[{"@type":"ListItem","position":1,"name":"Startseite","item":"https:\/\/schuetz-baumaschinen.de\/"},{"@type":"ListItem","position":2,"name":"\u00dcber uns"}]},{"@type":"WebSite","@id":"https:\/\/schuetz-baumaschinen.de\/#website","url":"https:\/\/schuetz-baumaschinen.de\/","name":"Sch\u00fctz Baumaschinen","description":"Die Profis rund ums Bauger\u00e4t","publisher":{"@id":"https:\/\/schuetz-baumaschinen.de\/#organization"},"potentialAction":[{"@type":"SearchAction","target":{"@type":"EntryPoint","urlTemplate":"https:\/\/schuetz-baumaschinen.de\/?s={search_term_string}"},"query-input":{"@type":"PropertyValueSpecification","valueRequired":true,"valueName":"search_term_string"}}],"inLanguage":"de"},{"@type":"Organization","@id":"https:\/\/schuetz-baumaschinen.de\/#organization","name":"Sch\u00fctz Baumaschinen","url":"https:\/\/schuetz-baumaschinen.de\/","logo":{"@type":"ImageObject","inLanguage":"de","@id":"https:\/\/schuetz-baumaschinen.de\/#\/schema\/logo\/image\/","url":"https:\/\/schuetz-baumaschinen.de\/wp-content\/uploads\/2022\/03\/SB-Logo-Weiss-Rot-ohne-Hintergrund-1.png","contentUrl":"https:\/\/schuetz-baumaschinen.de\/wp-content\/uploads\/2022\/03\/SB-Logo-Weiss-Rot-ohne-Hintergrund-1.png","width":2289,"height":1121,"caption":"Sch\u00fctz Baumaschinen"},"image":{"@id":"https:\/\/schuetz-baumaschinen.de\/#\/schema\/logo\/image\/"}}]}},"_links":{"self":[{"href":"https:\/\/schuetz-baumaschinen.de\/index.php?rest_route=\/wp\/v2\/pages\/170","targetHints":{"allow":["GET"]}}],"collection":[{"href":"https:\/\/schuetz-baumaschinen.de\/index.php?rest_route=\/wp\/v2\/pages"}],"about":[{"href":"https:\/\/schuetz-baumaschinen.de\/index.php?rest_route=\/wp\/v2\/types\/page"}],"author":[{"embeddable":true,"href":"https:\/\/schuetz-baumaschinen.de\/index.php?rest_route=\/wp\/v2\/users\/1"}],"replies":[{"embeddable":true,"href":"https:\/\/schuetz-baumaschinen.de\/index.php?rest_route=%2Fwp%2Fv2%2Fcomments&post=170"}],"version-history":[{"count":6,"href":"https:\/\/schuetz-baumaschinen.de\/index.php?rest_route=\/wp\/v2\/pages\/170\/revisions"}],"predecessor-version":[{"id":189,"href":"https:\/\/schuetz-baumaschinen.de\/index.php?rest_route=\/wp\/v2\/pages\/170\/revisions\/189"}],"wp:attachment":[{"href":"https:\/\/schuetz-baumaschinen.de\/index.php?rest_route=%2Fwp%2Fv2%2Fmedia&parent=170"}],"curies":[{"name":"wp","href":"https:\/\/api.w.org\/{rel}","templated":true}]}}